{"id":1099,"date":"2025-08-05T16:19:29","date_gmt":"2025-08-05T16:19:29","guid":{"rendered":"https:\/\/personae.16xv.com.br\/?page_id=1099"},"modified":"2025-12-09T17:41:42","modified_gmt":"2025-12-09T17:41:42","slug":"equipamentos-maquinas","status":"publish","type":"page","link":"https:\/\/personae.16xv.com.br\/index.php\/equipamentos-maquinas\/","title":{"rendered":"Seguro Equipamentos &#038; M\u00e1quinas"},"content":{"rendered":"\t\t<div data-elementor-type=\"wp-page\" data-elementor-id=\"1099\" class=\"elementor elementor-1099\" data-elementor-post-type=\"page\">\n\t\t\t\t<div class=\"elementor-element elementor-element-ee22aa1 e-flex e-con-boxed e-con e-parent\" data-id=\"ee22aa1\" data-element_type=\"container\">\n\t\t\t\t\t<div class=\"e-con-inner\">\n\t\t\t\t<div class=\"elementor-element elementor-element-d4b8e60 elementor--h-position-center elementor--v-position-middle elementor-arrows-position-inside elementor-pagination-position-inside elementor-widget elementor-widget-slides\" data-id=\"d4b8e60\" data-element_type=\"widget\" data-settings=\"{&quot;navigation&quot;:&quot;both&quot;,&quot;autoplay&quot;:&quot;yes&quot;,&quot;pause_on_hover&quot;:&quot;yes&quot;,&quot;pause_on_interaction&quot;:&quot;yes&quot;,&quot;autoplay_speed&quot;:5000,&quot;infinite&quot;:&quot;yes&quot;,&quot;transition&quot;:&quot;slide&quot;,&quot;transition_speed&quot;:500}\" data-widget_type=\"slides.default\">\n\t\t\t\t\t\t\t\t\t\t<div class=\"elementor-slides-wrapper elementor-main-swiper swiper\" role=\"region\" aria-roledescription=\"carousel\" aria-label=\"Slides\" dir=\"ltr\" data-animation=\"fadeInLeft\">\n\t\t\t\t<div class=\"swiper-wrapper elementor-slides\">\n\t\t\t\t\t\t\t\t\t\t<div class=\"elementor-repeater-item-d09aa76 swiper-slide\" role=\"group\" aria-roledescription=\"slide\"><div class=\"swiper-slide-bg\" role=\"img\" aria-label=\"agro-full\"><\/div><div class=\"elementor-background-overlay\"><\/div><a class=\"swiper-slide-inner\" href=\"https:\/\/personae.16xv.com.br\/index.php\/fale-conosco\/\"><div class=\"swiper-slide-contents\"><div class=\"elementor-slide-description\">EQUIPAMENTOS & <br>M\u00c1QUINAS AGR\u00cdCOLAS<\/div><div  class=\"elementor-button elementor-slide-button elementor-size-lg\">QUERO COTAR<\/div><\/div><\/a><\/div>\t\t\t\t<\/div>\n\t\t\t\t\t\t\t<\/div>\n\t\t\t\t\t\t\t\t<\/div>\n\t\t\t\t\t<\/div>\n\t\t\t\t<\/div>\n\t\t<div class=\"elementor-element elementor-element-99c8f1a e-flex e-con-boxed e-con e-parent\" data-id=\"99c8f1a\" data-element_type=\"container\">\n\t\t\t\t\t<div class=\"e-con-inner\">\n\t\t<div class=\"elementor-element elementor-element-0241f46 e-con-full e-flex e-con e-child\" data-id=\"0241f46\" data-element_type=\"container\">\n\t\t<div class=\"elementor-element elementor-element-13a4a6b e-con-full e-flex e-con e-child\" data-id=\"13a4a6b\" data-element_type=\"container\">\n\t\t\t\t<div class=\"elementor-element elementor-element-377ca01 elementor-widget elementor-widget-text-editor\" data-id=\"377ca01\" data-element_type=\"widget\" data-widget_type=\"text-editor.default\">\n\t\t\t\t\t\t\t\t\t<p>O maquin\u00e1rio \u00e9 um dos principais ativos da sua empresa. Por isso, na Personae, estamos empenhados em dar-lhe a tranquilidade necess\u00e1ria para lidar com todo o tipo de sinistros e oferecer-lhe uma resposta imediata.<\/p>\t\t\t\t\t\t\t\t<\/div>\n\t\t\t\t<div class=\"elementor-element elementor-element-610126b elementor-widget__width-initial elementor-widget elementor-widget-text-editor\" data-id=\"610126b\" data-element_type=\"widget\" data-widget_type=\"text-editor.default\">\n\t\t\t\t\t\t\t\t\t<p>Equipamentos e m\u00e1quinas agr\u00edcolas est\u00e3o em constante utiliza\u00e7\u00e3o. Um investimento consider\u00e1vel deve ser protegido e ainda mais se n\u00e3o tivermos um substituto imediato para continuar nossas atividades. Tamb\u00e9m podem causar danos a terceiros e podem ser cobertos por uma cobertura complementar de responsabilidade civil.<\/p>\t\t\t\t\t\t\t\t<\/div>\n\t\t\t\t<\/div>\n\t\t\t\t<\/div>\n\t\t<div class=\"elementor-element elementor-element-49621ba e-con-full e-flex e-con e-child\" data-id=\"49621ba\" data-element_type=\"container\">\n\t\t\t\t<div class=\"elementor-element elementor-element-811059a elementor-widget elementor-widget-image\" data-id=\"811059a\" data-element_type=\"widget\" data-widget_type=\"image.default\">\n\t\t\t\t\t\t\t\t\t\t\t\t\t\t\t<img fetchpriority=\"high\" decoding=\"async\" width=\"615\" height=\"417\" src=\"https:\/\/personae.16xv.com.br\/wp-content\/uploads\/2025\/08\/maquina-personae.jpg\" class=\"attachment-large size-large wp-image-1174\" alt=\"\" srcset=\"https:\/\/personae.16xv.com.br\/wp-content\/uploads\/2025\/08\/maquina-personae.jpg 615w, https:\/\/personae.16xv.com.br\/wp-content\/uploads\/2025\/08\/maquina-personae-300x203.jpg 300w\" sizes=\"(max-width: 615px) 100vw, 615px\" \/>\t\t\t\t\t\t\t\t\t\t\t\t\t\t\t<\/div>\n\t\t\t\t<\/div>\n\t\t\t\t\t<\/div>\n\t\t\t\t<\/div>\n\t\t<div class=\"elementor-element elementor-element-44b1d7a e-flex e-con-boxed e-con e-parent\" data-id=\"44b1d7a\" data-element_type=\"container\" data-settings=\"{&quot;background_background&quot;:&quot;classic&quot;}\">\n\t\t\t\t\t<div class=\"e-con-inner\">\n\t\t\t\t<div class=\"elementor-element elementor-element-3468eb7 elementor-widget__width-initial elementor-widget elementor-widget-text-editor\" data-id=\"3468eb7\" data-element_type=\"widget\" data-widget_type=\"text-editor.default\">\n\t\t\t\t\t\t\t\t\t<p>Se alugamos ou operamos equipamentos de terceiros dentro de nosso campo, \u00e9 imprescind\u00edvel que eles tenham cobertura, pois nos responsabilizamos por danos causados a eles.<\/p>\t\t\t\t\t\t\t\t<\/div>\n\t\t\t\t<div class=\"elementor-element elementor-element-47dcee5 elementor-widget__width-initial elementor-widget elementor-widget-text-editor\" data-id=\"47dcee5\" data-element_type=\"widget\" data-widget_type=\"text-editor.default\">\n\t\t\t\t\t\t\t\t\t<p>A ap\u00f3lice de seguro de m\u00e1quinas agr\u00edcolas cobre os equipamentos utilizados nas tarefas agr\u00edcolas, enquanto estiverem cumprindo sua fun\u00e7\u00e3o espec\u00edfica. Incluem-se eventuais tr\u00e2nsitos terrestres por meios pr\u00f3prios como reboque, mas desde que o reboque seja efectuado por unidades pr\u00f3prias do segurado.<\/p>\t\t\t\t\t\t\t\t<\/div>\n\t\t\t\t\t<\/div>\n\t\t\t\t<\/div>\n\t\t<div class=\"elementor-element elementor-element-dbc4c4d e-flex e-con-boxed e-con e-parent\" data-id=\"dbc4c4d\" data-element_type=\"container\">\n\t\t\t\t\t<div class=\"e-con-inner\">\n\t\t<div class=\"elementor-element elementor-element-e6abb17 e-con-full e-flex e-con e-child\" data-id=\"e6abb17\" data-element_type=\"container\" data-settings=\"{&quot;background_background&quot;:&quot;classic&quot;}\">\n\t\t\t\t<div class=\"elementor-element elementor-element-d03a59f elementor-widget elementor-widget-image\" data-id=\"d03a59f\" data-element_type=\"widget\" data-widget_type=\"image.default\">\n\t\t\t\t\t\t\t\t\t\t\t\t\t\t\t<img decoding=\"async\" width=\"599\" height=\"373\" src=\"https:\/\/personae.16xv.com.br\/wp-content\/uploads\/2025\/08\/maquina.jpg\" class=\"attachment-large size-large wp-image-1175\" alt=\"\" srcset=\"https:\/\/personae.16xv.com.br\/wp-content\/uploads\/2025\/08\/maquina.jpg 599w, https:\/\/personae.16xv.com.br\/wp-content\/uploads\/2025\/08\/maquina-300x187.jpg 300w\" sizes=\"(max-width: 599px) 100vw, 599px\" \/>\t\t\t\t\t\t\t\t\t\t\t\t\t\t\t<\/div>\n\t\t\t\t<\/div>\n\t\t<div class=\"elementor-element elementor-element-8787ba4 e-con-full e-flex e-con e-child\" data-id=\"8787ba4\" data-element_type=\"container\" data-settings=\"{&quot;background_background&quot;:&quot;classic&quot;}\">\n\t\t<div class=\"elementor-element elementor-element-f4426c5 e-con-full e-flex e-con e-child\" data-id=\"f4426c5\" data-element_type=\"container\">\n\t\t\t\t<div class=\"elementor-element elementor-element-81c296d elementor-widget__width-initial elementor-widget elementor-widget-heading\" data-id=\"81c296d\" data-element_type=\"widget\" data-widget_type=\"heading.default\">\n\t\t\t\t\t<h2 class=\"elementor-heading-title elementor-size-default\">Cobertura<\/h2>\t\t\t\t<\/div>\n\t\t\t\t<div class=\"elementor-element elementor-element-915f49d elementor-widget__width-initial elementor-widget elementor-widget-text-editor\" data-id=\"915f49d\" data-element_type=\"widget\" data-widget_type=\"text-editor.default\">\n\t\t\t\t\t\t\t\t\t<ul><li>Impacto com obst\u00e1culos no solo<\/li><li>Responsabilidade civil<\/li><li>Danos el\u00e9tricos<\/li><li>Perda ou pagamento de aluguel<\/li><li>Inc\u00eandio<\/li><li>Mediante condi\u00e7\u00f5es gerais da seguradora<\/li><\/ul>\t\t\t\t\t\t\t\t<\/div>\n\t\t\t\t<\/div>\n\t\t\t\t<\/div>\n\t\t\t\t\t<\/div>\n\t\t\t\t<\/div>\n\t\t\t\t<\/div>\n\t\t","protected":false},"excerpt":{"rendered":"<p>EQUIPAMENTOS &#038; M\u00c1QUINAS AGR\u00cdCOLASQUERO COTAR O maquin\u00e1rio \u00e9 um dos principais ativos da sua empresa. Por isso, na Personae, estamos empenhados em dar-lhe a tranquilidade necess\u00e1ria para lidar com todo o tipo de sinistros e oferecer-lhe uma resposta imediata. Equipamentos e m\u00e1quinas agr\u00edcolas est\u00e3o em constante utiliza\u00e7\u00e3o. Um investimento consider\u00e1vel deve ser protegido e ainda [&hellip;]<\/p>\n","protected":false},"author":1,"featured_media":0,"parent":0,"menu_order":0,"comment_status":"closed","ping_status":"closed","template":"elementor_header_footer","meta":{"footnotes":""},"class_list":["post-1099","page","type-page","status-publish","hentry"],"_links":{"self":[{"href":"https:\/\/personae.16xv.com.br\/index.php\/wp-json\/wp\/v2\/pages\/1099","targetHints":{"allow":["GET"]}}],"collection":[{"href":"https:\/\/personae.16xv.com.br\/index.php\/wp-json\/wp\/v2\/pages"}],"about":[{"href":"https:\/\/personae.16xv.com.br\/index.php\/wp-json\/wp\/v2\/types\/page"}],"author":[{"embeddable":true,"href":"https:\/\/personae.16xv.com.br\/index.php\/wp-json\/wp\/v2\/users\/1"}],"replies":[{"embeddable":true,"href":"https:\/\/personae.16xv.com.br\/index.php\/wp-json\/wp\/v2\/comments?post=1099"}],"version-history":[{"count":98,"href":"https:\/\/personae.16xv.com.br\/index.php\/wp-json\/wp\/v2\/pages\/1099\/revisions"}],"predecessor-version":[{"id":1842,"href":"https:\/\/personae.16xv.com.br\/index.php\/wp-json\/wp\/v2\/pages\/1099\/revisions\/1842"}],"wp:attachment":[{"href":"https:\/\/personae.16xv.com.br\/index.php\/wp-json\/wp\/v2\/media?parent=1099"}],"curies":[{"name":"wp","href":"https:\/\/api.w.org\/{rel}","templated":true}]}}