{"id":1236,"date":"2025-08-05T18:39:18","date_gmt":"2025-08-05T18:39:18","guid":{"rendered":"https:\/\/personae.16xv.com.br\/?page_id=1236"},"modified":"2025-08-19T23:43:30","modified_gmt":"2025-08-19T23:43:30","slug":"frota","status":"publish","type":"page","link":"https:\/\/personae.16xv.com.br\/index.php\/frota\/","title":{"rendered":"Seguro Frota"},"content":{"rendered":"\t\t<div data-elementor-type=\"wp-page\" data-elementor-id=\"1236\" class=\"elementor elementor-1236\" data-elementor-post-type=\"page\">\n\t\t\t\t<div class=\"elementor-element elementor-element-ee22aa1 e-flex e-con-boxed e-con e-parent\" data-id=\"ee22aa1\" data-element_type=\"container\">\n\t\t\t\t\t<div class=\"e-con-inner\">\n\t\t\t\t<div class=\"elementor-element elementor-element-d4b8e60 elementor--h-position-center elementor--v-position-middle elementor-arrows-position-inside elementor-pagination-position-inside elementor-widget elementor-widget-slides\" data-id=\"d4b8e60\" data-element_type=\"widget\" data-settings=\"{&quot;navigation&quot;:&quot;both&quot;,&quot;autoplay&quot;:&quot;yes&quot;,&quot;pause_on_hover&quot;:&quot;yes&quot;,&quot;pause_on_interaction&quot;:&quot;yes&quot;,&quot;autoplay_speed&quot;:5000,&quot;infinite&quot;:&quot;yes&quot;,&quot;transition&quot;:&quot;slide&quot;,&quot;transition_speed&quot;:500}\" data-widget_type=\"slides.default\">\n\t\t\t\t\t\t\t\t\t\t<div class=\"elementor-slides-wrapper elementor-main-swiper swiper\" role=\"region\" aria-roledescription=\"carousel\" aria-label=\"Slides\" dir=\"ltr\" data-animation=\"fadeInLeft\">\n\t\t\t\t<div class=\"swiper-wrapper elementor-slides\">\n\t\t\t\t\t\t\t\t\t\t<div class=\"elementor-repeater-item-d09aa76 swiper-slide\" role=\"group\" aria-roledescription=\"slide\"><div class=\"swiper-slide-bg\" role=\"img\" aria-label=\"full-frota\"><\/div><div class=\"elementor-background-overlay\"><\/div><div class=\"swiper-slide-inner\" ><div class=\"swiper-slide-contents\"><div class=\"elementor-slide-description\">SEGURO FROTA<\/div><div  class=\"elementor-button elementor-slide-button elementor-size-lg\">QUERO COTAR<\/div><\/div><\/div><\/div>\t\t\t\t<\/div>\n\t\t\t\t\t\t\t<\/div>\n\t\t\t\t\t\t\t\t<\/div>\n\t\t\t\t\t<\/div>\n\t\t\t\t<\/div>\n\t\t<div class=\"elementor-element elementor-element-99c8f1a e-flex e-con-boxed e-con e-parent\" data-id=\"99c8f1a\" data-element_type=\"container\">\n\t\t\t\t\t<div class=\"e-con-inner\">\n\t\t<div class=\"elementor-element elementor-element-0241f46 e-con-full e-flex e-con e-child\" data-id=\"0241f46\" data-element_type=\"container\">\n\t\t<div class=\"elementor-element elementor-element-13a4a6b e-con-full e-flex e-con e-child\" data-id=\"13a4a6b\" data-element_type=\"container\">\n\t\t\t\t<div class=\"elementor-element elementor-element-377ca01 elementor-widget__width-initial elementor-widget-mobile__width-initial elementor-widget elementor-widget-text-editor\" data-id=\"377ca01\" data-element_type=\"widget\" data-widget_type=\"text-editor.default\">\n\t\t\t\t\t\t\t\t\t<p>Seja qual for o tipo de ve\u00edculos com que opera no dia-a-dia da sua empresa, carros, utilit\u00e1rios, vans ou caminh\u00f5es, o seguro que faz para a sua frota de ve\u00edculos deve ser adaptado \u00e0s necessidades e utiliza\u00e7\u00e3o de cada um deles, para que, no caso de um evento imprevisto, sejam respons\u00e1veis por responder pelos danos materiais ou outros causados e que o incidente n\u00e3o afete o patrim\u00f4nio de sua empresa.<\/p>\t\t\t\t\t\t\t\t<\/div>\n\t\t\t\t<\/div>\n\t\t\t\t<\/div>\n\t\t<div class=\"elementor-element elementor-element-49621ba e-con-full e-flex e-con e-child\" data-id=\"49621ba\" data-element_type=\"container\">\n\t\t\t\t<div class=\"elementor-element elementor-element-811059a elementor-widget elementor-widget-image\" data-id=\"811059a\" data-element_type=\"widget\" data-widget_type=\"image.default\">\n\t\t\t\t\t\t\t\t\t\t\t\t\t\t\t<img fetchpriority=\"high\" decoding=\"async\" width=\"601\" height=\"290\" src=\"https:\/\/personae.16xv.com.br\/wp-content\/uploads\/2025\/08\/frota.jpg\" class=\"attachment-large size-large wp-image-1505\" alt=\"\" srcset=\"https:\/\/personae.16xv.com.br\/wp-content\/uploads\/2025\/08\/frota.jpg 601w, https:\/\/personae.16xv.com.br\/wp-content\/uploads\/2025\/08\/frota-300x145.jpg 300w\" sizes=\"(max-width: 601px) 100vw, 601px\" \/>\t\t\t\t\t\t\t\t\t\t\t\t\t\t\t<\/div>\n\t\t\t\t<\/div>\n\t\t\t\t\t<\/div>\n\t\t\t\t<\/div>\n\t\t<div class=\"elementor-element elementor-element-44b1d7a e-flex e-con-boxed e-con e-parent\" data-id=\"44b1d7a\" data-element_type=\"container\" data-settings=\"{&quot;background_background&quot;:&quot;classic&quot;}\">\n\t\t\t\t\t<div class=\"e-con-inner\">\n\t\t\t\t<div class=\"elementor-element elementor-element-3468eb7 elementor-widget__width-initial elementor-widget-mobile__width-initial elementor-widget elementor-widget-text-editor\" data-id=\"3468eb7\" data-element_type=\"widget\" data-widget_type=\"text-editor.default\">\n\t\t\t\t\t\t\t\t\t<p>Na Personae trabalhamos com as melhores seguradoras do Brasil<\/p>\t\t\t\t\t\t\t\t<\/div>\n\t\t\t\t<div class=\"elementor-element elementor-element-47dcee5 elementor-widget__width-initial elementor-widget-mobile__width-initial elementor-widget elementor-widget-text-editor\" data-id=\"47dcee5\" data-element_type=\"widget\" data-widget_type=\"text-editor.default\">\n\t\t\t\t\t\t\t\t\t<p>Para cobrir todos os ve\u00edculos que fazem parte da frota de sua empresa. Simplifique sua opera\u00e7\u00e3o unificando prazos, tanto para renova\u00e7\u00f5es quanto para pagamentos, pois voc\u00ea recebe apenas uma fatura para toda a frota de ve\u00edculos<\/p>\t\t\t\t\t\t\t\t<\/div>\n\t\t\t\t<div class=\"elementor-element elementor-element-d39363b elementor-widget__width-initial elementor-widget-mobile__width-initial elementor-widget elementor-widget-text-editor\" data-id=\"d39363b\" data-element_type=\"widget\" data-widget_type=\"text-editor.default\">\n\t\t\t\t\t\t\t\t\t<p>Contate-nos, n\u00f3s tratamos de lhe prestar a melhor assessoria para a sua frota autom\u00f3vel, e voc\u00ea foca-se na gera\u00e7\u00e3o de novos neg\u00f3cios e no crescimento da sua empresa.<\/p>\t\t\t\t\t\t\t\t<\/div>\n\t\t\t\t\t<\/div>\n\t\t\t\t<\/div>\n\t\t<div class=\"elementor-element elementor-element-dbc4c4d e-flex e-con-boxed e-con e-parent\" data-id=\"dbc4c4d\" data-element_type=\"container\">\n\t\t\t\t\t<div class=\"e-con-inner\">\n\t\t<div class=\"elementor-element elementor-element-e6abb17 e-con-full e-flex e-con e-child\" data-id=\"e6abb17\" data-element_type=\"container\" data-settings=\"{&quot;background_background&quot;:&quot;classic&quot;}\">\n\t\t\t\t<div class=\"elementor-element elementor-element-d03a59f elementor-widget elementor-widget-image\" data-id=\"d03a59f\" data-element_type=\"widget\" data-widget_type=\"image.default\">\n\t\t\t\t\t\t\t\t\t\t\t\t\t\t\t<img decoding=\"async\" width=\"601\" height=\"451\" src=\"https:\/\/personae.16xv.com.br\/wp-content\/uploads\/2025\/08\/fota2.webp\" class=\"attachment-large size-large wp-image-1526\" alt=\"\" srcset=\"https:\/\/personae.16xv.com.br\/wp-content\/uploads\/2025\/08\/fota2.webp 601w, https:\/\/personae.16xv.com.br\/wp-content\/uploads\/2025\/08\/fota2-300x225.webp 300w\" sizes=\"(max-width: 601px) 100vw, 601px\" \/>\t\t\t\t\t\t\t\t\t\t\t\t\t\t\t<\/div>\n\t\t\t\t<\/div>\n\t\t<div class=\"elementor-element elementor-element-8787ba4 e-con-full e-flex e-con e-child\" data-id=\"8787ba4\" data-element_type=\"container\" data-settings=\"{&quot;background_background&quot;:&quot;classic&quot;}\">\n\t\t<div class=\"elementor-element elementor-element-f4426c5 e-con-full e-flex e-con e-child\" data-id=\"f4426c5\" data-element_type=\"container\">\n\t\t\t\t<div class=\"elementor-element elementor-element-81c296d elementor-widget elementor-widget-heading\" data-id=\"81c296d\" data-element_type=\"widget\" data-widget_type=\"heading.default\">\n\t\t\t\t\t<h2 class=\"elementor-heading-title elementor-size-default\">Cobertura<\/h2>\t\t\t\t<\/div>\n\t\t\t\t<div class=\"elementor-element elementor-element-915f49d elementor-widget__width-initial elementor-widget elementor-widget-text-editor\" data-id=\"915f49d\" data-element_type=\"widget\" data-widget_type=\"text-editor.default\">\n\t\t\t\t\t\t\t\t\t<ul><li>Colis\u00e3o, choque, abalroamento, capotagem acidental<\/li><li>Queda acidental<\/li><li>Raio<\/li><li>Roubo ou furto<\/li><li>Submers\u00e3o do ve\u00edculo<\/li><li>Granizo, furac\u00e3o, terremoto<\/li><li>Despesas necess\u00e1rias ao salvamento<\/li><li>Roubo ou furto de aparelho de som, tac\u00f3grafo<\/li><li>Repara\u00e7\u00e3o de airbag<\/li><\/ul>\t\t\t\t\t\t\t\t<\/div>\n\t\t\t\t<\/div>\n\t\t\t\t<\/div>\n\t\t\t\t\t<\/div>\n\t\t\t\t<\/div>\n\t\t<div class=\"elementor-element elementor-element-3786e6e e-flex e-con-boxed e-con e-parent\" data-id=\"3786e6e\" data-element_type=\"container\" data-settings=\"{&quot;background_background&quot;:&quot;classic&quot;}\">\n\t\t\t\t\t<div class=\"e-con-inner\">\n\t\t<div class=\"elementor-element elementor-element-2df8c46 e-con-full e-flex e-con e-child\" data-id=\"2df8c46\" data-element_type=\"container\">\n\t\t\t\t<div class=\"elementor-element elementor-element-7d6f2dc elementor-widget__width-initial elementor-widget-mobile__width-initial elementor-widget elementor-widget-text-editor\" data-id=\"7d6f2dc\" data-element_type=\"widget\" data-widget_type=\"text-editor.default\">\n\t\t\t\t\t\t\t\t\t<p>Proteja-se mais com as nossas coberturas adicionais<\/p>\t\t\t\t\t\t\t\t<\/div>\n\t\t\t\t<div class=\"elementor-element elementor-element-fc5cfa7 elementor-widget__width-initial elementor-widget-mobile__width-initial elementor-widget elementor-widget-text-editor\" data-id=\"fc5cfa7\" data-element_type=\"widget\" data-widget_type=\"text-editor.default\">\n\t\t\t\t\t\t\t\t\t<p>Voc\u00ea quer sentir mais calmo?<\/p>\t\t\t\t\t\t\t\t<\/div>\n\t\t\t\t<div class=\"elementor-element elementor-element-558795a elementor-widget__width-initial elementor-widget-mobile__width-initial elementor-widget elementor-widget-text-editor\" data-id=\"558795a\" data-element_type=\"widget\" data-widget_type=\"text-editor.default\">\n\t\t\t\t\t\t\t\t\t<p>Depois de escolher o seu tipo de seguro, voc\u00ea tem a op\u00e7\u00e3o de adicionar essas coberturas adicionais para completar o seu seguro de frota.<\/p>\t\t\t\t\t\t\t\t<\/div>\n\t\t\t\t<\/div>\n\t\t<div class=\"elementor-element elementor-element-9697031 e-con-full e-flex e-con e-child\" data-id=\"9697031\" data-element_type=\"container\" data-settings=\"{&quot;background_background&quot;:&quot;classic&quot;}\">\n\t\t\t\t<div class=\"elementor-element elementor-element-d4cabae elementor-widget__width-initial elementor-widget-mobile__width-initial elementor-widget elementor-widget-text-editor\" data-id=\"d4cabae\" data-element_type=\"widget\" data-widget_type=\"text-editor.default\">\n\t\t\t\t\t\t\t\t\t<ul><li>Mediante condi\u00e7\u00f5es gerais da seguradora<\/li><li>Reembolso de despesas m\u00e9dicas e extraordin\u00e1rias<\/li><li>Carro reserva<\/li><li>Assist\u00eancias diversas em caso de pane el\u00e9trica e outras<\/li><li>Remo\u00e7\u00e3o inter hospitalar de v\u00edtimas de acidente com ve\u00edculo segurado<\/li><li>Hospedagem<\/li><li>Motorista profissional<\/li><li>Traslado de corpos<\/li><\/ul>\t\t\t\t\t\t\t\t<\/div>\n\t\t\t\t<\/div>\n\t\t\t\t\t<\/div>\n\t\t\t\t<\/div>\n\t\t\t\t<\/div>\n\t\t","protected":false},"excerpt":{"rendered":"<p>SEGURO FROTAQUERO COTAR Seja qual for o tipo de ve\u00edculos com que opera no dia-a-dia da sua empresa, carros, utilit\u00e1rios, vans ou caminh\u00f5es, o seguro que faz para a sua frota de ve\u00edculos deve ser adaptado \u00e0s necessidades e utiliza\u00e7\u00e3o de cada um deles, para que, no caso de um evento imprevisto, sejam respons\u00e1veis por [&hellip;]<\/p>\n","protected":false},"author":1,"featured_media":0,"parent":0,"menu_order":0,"comment_status":"closed","ping_status":"closed","template":"elementor_header_footer","meta":{"footnotes":""},"class_list":["post-1236","page","type-page","status-publish","hentry"],"_links":{"self":[{"href":"https:\/\/personae.16xv.com.br\/index.php\/wp-json\/wp\/v2\/pages\/1236","targetHints":{"allow":["GET"]}}],"collection":[{"href":"https:\/\/personae.16xv.com.br\/index.php\/wp-json\/wp\/v2\/pages"}],"about":[{"href":"https:\/\/personae.16xv.com.br\/index.php\/wp-json\/wp\/v2\/types\/page"}],"author":[{"embeddable":true,"href":"https:\/\/personae.16xv.com.br\/index.php\/wp-json\/wp\/v2\/users\/1"}],"replies":[{"embeddable":true,"href":"https:\/\/personae.16xv.com.br\/index.php\/wp-json\/wp\/v2\/comments?post=1236"}],"version-history":[{"count":46,"href":"https:\/\/personae.16xv.com.br\/index.php\/wp-json\/wp\/v2\/pages\/1236\/revisions"}],"predecessor-version":[{"id":1657,"href":"https:\/\/personae.16xv.com.br\/index.php\/wp-json\/wp\/v2\/pages\/1236\/revisions\/1657"}],"wp:attachment":[{"href":"https:\/\/personae.16xv.com.br\/index.php\/wp-json\/wp\/v2\/media?parent=1236"}],"curies":[{"name":"wp","href":"https:\/\/api.w.org\/{rel}","templated":true}]}}