{"id":1238,"date":"2025-08-05T18:40:25","date_gmt":"2025-08-05T18:40:25","guid":{"rendered":"https:\/\/personae.16xv.com.br\/?page_id=1238"},"modified":"2025-12-09T17:44:15","modified_gmt":"2025-12-09T17:44:15","slug":"residencial","status":"publish","type":"page","link":"https:\/\/personae.16xv.com.br\/index.php\/residencial\/","title":{"rendered":"Seguro Residencial"},"content":{"rendered":"\t\t<div data-elementor-type=\"wp-page\" data-elementor-id=\"1238\" class=\"elementor elementor-1238\" data-elementor-post-type=\"page\">\n\t\t\t\t<div class=\"elementor-element elementor-element-ee22aa1 e-flex e-con-boxed e-con e-parent\" data-id=\"ee22aa1\" data-element_type=\"container\">\n\t\t\t\t\t<div class=\"e-con-inner\">\n\t\t\t\t<div class=\"elementor-element elementor-element-d4b8e60 elementor--h-position-center elementor--v-position-middle elementor-arrows-position-inside elementor-pagination-position-inside elementor-widget elementor-widget-slides\" data-id=\"d4b8e60\" data-element_type=\"widget\" data-settings=\"{&quot;navigation&quot;:&quot;both&quot;,&quot;autoplay&quot;:&quot;yes&quot;,&quot;pause_on_hover&quot;:&quot;yes&quot;,&quot;pause_on_interaction&quot;:&quot;yes&quot;,&quot;autoplay_speed&quot;:5000,&quot;infinite&quot;:&quot;yes&quot;,&quot;transition&quot;:&quot;slide&quot;,&quot;transition_speed&quot;:500}\" data-widget_type=\"slides.default\">\n\t\t\t\t\t\t\t\t\t\t<div class=\"elementor-slides-wrapper elementor-main-swiper swiper\" role=\"region\" aria-roledescription=\"carousel\" aria-label=\"Slides\" dir=\"ltr\" data-animation=\"fadeInLeft\">\n\t\t\t\t<div class=\"swiper-wrapper elementor-slides\">\n\t\t\t\t\t\t\t\t\t\t<div class=\"elementor-repeater-item-d09aa76 swiper-slide\" role=\"group\" aria-roledescription=\"slide\"><div class=\"swiper-slide-bg\" role=\"img\" aria-label=\"seg-casa\"><\/div><div class=\"elementor-background-overlay\"><\/div><a class=\"swiper-slide-inner\" href=\"https:\/\/personae.16xv.com.br\/index.php\/fale-conosco\/\"><div class=\"swiper-slide-contents\"><div class=\"elementor-slide-description\">SEGURO RESIDENCIAL<\/div><div  class=\"elementor-button elementor-slide-button elementor-size-lg\">QUERO COTAR<\/div><\/div><\/a><\/div>\t\t\t\t<\/div>\n\t\t\t\t\t\t\t<\/div>\n\t\t\t\t\t\t\t\t<\/div>\n\t\t\t\t\t<\/div>\n\t\t\t\t<\/div>\n\t\t<div class=\"elementor-element elementor-element-99c8f1a e-flex e-con-boxed e-con e-parent\" data-id=\"99c8f1a\" data-element_type=\"container\">\n\t\t\t\t\t<div class=\"e-con-inner\">\n\t\t<div class=\"elementor-element elementor-element-0241f46 e-con-full e-flex e-con e-child\" data-id=\"0241f46\" data-element_type=\"container\">\n\t\t<div class=\"elementor-element elementor-element-13a4a6b e-con-full e-flex e-con e-child\" data-id=\"13a4a6b\" data-element_type=\"container\">\n\t\t\t\t<div class=\"elementor-element elementor-element-377ca01 elementor-widget__width-initial elementor-widget elementor-widget-text-editor\" data-id=\"377ca01\" data-element_type=\"widget\" data-widget_type=\"text-editor.default\">\n\t\t\t\t\t\t\t\t\t<p>E onde passamos a maior parte do nosso tempo hoje para se sentir confort\u00e1vel e seguro nele, \u00e9 muito importante saber cuidar dele. Apenas seguindo algumas medidas de preven\u00e7\u00e3o, voc\u00ea pode manter a tranquilidade que voc\u00ea e sua fam\u00edlia procuram. Um bom seguro residencial n\u00e3o s\u00f3 protege voc\u00ea em caso de roubo, mas tamb\u00e9m contra muitos outros imprevistos que possam surgir. A gente te conta como aproveitar essa \u00f3tima op\u00e7\u00e3o para cuidar do seu lugar.<\/p>\t\t\t\t\t\t\t\t<\/div>\n\t\t\t\t<\/div>\n\t\t\t\t<\/div>\n\t\t<div class=\"elementor-element elementor-element-49621ba e-con-full e-flex e-con e-child\" data-id=\"49621ba\" data-element_type=\"container\">\n\t\t\t\t<div class=\"elementor-element elementor-element-0abc512 elementor-widget__width-initial elementor-widget-mobile__width-initial elementor-widget elementor-widget-heading\" data-id=\"0abc512\" data-element_type=\"widget\" data-widget_type=\"heading.default\">\n\t\t\t\t\t<h2 class=\"elementor-heading-title elementor-size-default\">Nossa casa \u00e9 um dos lugares mais preciosos<\/h2>\t\t\t\t<\/div>\n\t\t\t\t<\/div>\n\t\t\t\t\t<\/div>\n\t\t\t\t<\/div>\n\t\t<div class=\"elementor-element elementor-element-2c2c633 e-flex e-con-boxed e-con e-parent\" data-id=\"2c2c633\" data-element_type=\"container\" data-settings=\"{&quot;background_background&quot;:&quot;classic&quot;}\">\n\t\t\t\t\t<div class=\"e-con-inner\">\n\t\t\t\t<div class=\"elementor-element elementor-element-23c0b86 elementor-widget__width-initial elementor-widget-mobile__width-initial elementor-widget elementor-widget-heading\" data-id=\"23c0b86\" data-element_type=\"widget\" data-widget_type=\"heading.default\">\n\t\t\t\t\t<h2 class=\"elementor-heading-title elementor-size-default\">Ningu\u00e9m est\u00e1 isento de sofrer um dano \u00e0 sua casa<\/h2>\t\t\t\t<\/div>\n\t\t\t\t<div class=\"elementor-element elementor-element-47dcee5 elementor-widget__width-initial elementor-widget-mobile__width-initial elementor-widget elementor-widget-text-editor\" data-id=\"47dcee5\" data-element_type=\"widget\" data-widget_type=\"text-editor.default\">\n\t\t\t\t\t\t\t\t\t<p>Todos n\u00f3s ouvimos hist\u00f3rias de casas inundadas por um cano quebrado, inc\u00eandios devido a curtos-circuitos ou cozinhas que queimam devido a um pequeno acidente.<\/p>\t\t\t\t\t\t\t\t<\/div>\n\t\t\t\t\t<\/div>\n\t\t\t\t<\/div>\n\t\t<div class=\"elementor-element elementor-element-c79ec00 e-flex e-con-boxed e-con e-parent\" data-id=\"c79ec00\" data-element_type=\"container\" data-settings=\"{&quot;background_background&quot;:&quot;classic&quot;}\">\n\t\t\t\t\t<div class=\"e-con-inner\">\n\t\t<div class=\"elementor-element elementor-element-2e403ae e-con-full e-flex e-con e-child\" data-id=\"2e403ae\" data-element_type=\"container\">\n\t\t\t\t<div class=\"elementor-element elementor-element-f011448 elementor-widget__width-initial elementor-widget-mobile__width-initial elementor-widget elementor-widget-heading\" data-id=\"f011448\" data-element_type=\"widget\" data-widget_type=\"heading.default\">\n\t\t\t\t\t<h2 class=\"elementor-heading-title elementor-size-default\">No entanto, n\u00e3o h\u00e1 raz\u00e3o para se alarmar<\/h2>\t\t\t\t<\/div>\n\t\t\t\t<div class=\"elementor-element elementor-element-b61f471 elementor-widget__width-initial elementor-widget-mobile__width-initial elementor-widget elementor-widget-text-editor\" data-id=\"b61f471\" data-element_type=\"widget\" data-widget_type=\"text-editor.default\">\n\t\t\t\t\t\t\t\t\t<p>Se voc\u00ea contratou um seguro residencial, ter\u00e1 os custos de reparo cobertos e voltar\u00e1 ao normal sem ter despesas extras.<\/p>\t\t\t\t\t\t\t\t<\/div>\n\t\t\t\t<\/div>\n\t\t<div class=\"elementor-element elementor-element-99a682e e-con-full e-flex e-con e-child\" data-id=\"99a682e\" data-element_type=\"container\" data-settings=\"{&quot;background_background&quot;:&quot;classic&quot;}\">\n\t\t\t\t<div class=\"elementor-element elementor-element-1c8a9ca elementor-widget__width-initial elementor-widget-mobile__width-initial elementor-widget elementor-widget-heading\" data-id=\"1c8a9ca\" data-element_type=\"widget\" data-widget_type=\"heading.default\">\n\t\t\t\t\t<h2 class=\"elementor-heading-title elementor-size-default\">Al\u00e9m disso, existem outras vantagens:<\/h2>\t\t\t\t<\/div>\n\t\t\t\t<div class=\"elementor-element elementor-element-7716c64 elementor-widget__width-initial elementor-widget-mobile__width-initial elementor-widget elementor-widget-text-editor\" data-id=\"7716c64\" data-element_type=\"widget\" data-widget_type=\"text-editor.default\">\n\t\t\t\t\t\t\t\t\t<p>Uma boa prote\u00e7\u00e3o pode ajud\u00e1-lo em eventualidades como vidros quebrados ou danos que sua casa possa sofrer por responsabilidade de um vizinho.<\/p>\t\t\t\t\t\t\t\t<\/div>\n\t\t\t\t<\/div>\n\t\t\t\t\t<\/div>\n\t\t\t\t<\/div>\n\t\t<div class=\"elementor-element elementor-element-6304b38 e-flex e-con-boxed e-con e-parent\" data-id=\"6304b38\" data-element_type=\"container\">\n\t\t\t\t\t<div class=\"e-con-inner\">\n\t\t<div class=\"elementor-element elementor-element-b73d499 e-con-full e-flex e-con e-child\" data-id=\"b73d499\" data-element_type=\"container\">\n\t\t\t\t<div class=\"elementor-element elementor-element-ded168a elementor-widget elementor-widget-heading\" data-id=\"ded168a\" data-element_type=\"widget\" data-widget_type=\"heading.default\">\n\t\t\t\t\t<h2 class=\"elementor-heading-title elementor-size-default\">Cobertura<\/h2>\t\t\t\t<\/div>\n\t\t<div class=\"elementor-element elementor-element-a78d46f e-grid e-con-full e-con e-child\" data-id=\"a78d46f\" data-element_type=\"container\">\n\t\t\t\t<div class=\"elementor-element elementor-element-7b39ae2 elementor-widget elementor-widget-text-editor\" data-id=\"7b39ae2\" data-element_type=\"widget\" data-widget_type=\"text-editor.default\">\n\t\t\t\t\t\t\t\t\t<ul><li>Inc\u00eandio, explos\u00e3o, fuma\u00e7a<\/li><li>Perda ou pagamento de aluguel<\/li><li>Danos morais<\/li><li>Quebra de vidros<\/li><li>Subtra\u00e7\u00e3o de bens<\/li><li>Vendaval, furac\u00e3o, ciclone, tornado e queda de granizo<\/li><li>Mediante condi\u00e7\u00f5es gerais da seguradora<\/li><\/ul>\t\t\t\t\t\t\t\t<\/div>\n\t\t\t\t<div class=\"elementor-element elementor-element-6305592 elementor-widget elementor-widget-text-editor\" data-id=\"6305592\" data-element_type=\"widget\" data-widget_type=\"text-editor.default\">\n\t\t\t\t\t\t\t\t\t<ul><li>Danos el\u00e9tricos<\/li><li>Impacto de ve\u00edculos terrestres e a\u00e9reos<\/li><li>Responsabilidade civil familiar<\/li><li>Vazamento de tubula\u00e7\u00f5es<\/li><li>Desmoronamento<\/li><li>Subtra\u00e7\u00e3o de bicicletas<\/li><li>Pagamento de condom\u00ednio por desemprego<\/li><\/ul>\t\t\t\t\t\t\t\t<\/div>\n\t\t\t\t<\/div>\n\t\t\t\t<\/div>\n\t\t\t\t\t<\/div>\n\t\t\t\t<\/div>\n\t\t<div class=\"elementor-element elementor-element-0b0aa6e e-flex e-con-boxed e-con e-parent\" data-id=\"0b0aa6e\" data-element_type=\"container\" data-settings=\"{&quot;background_background&quot;:&quot;classic&quot;}\">\n\t\t\t\t\t<div class=\"e-con-inner\">\n\t\t<div class=\"elementor-element elementor-element-98574ef e-con-full e-flex e-con e-child\" data-id=\"98574ef\" data-element_type=\"container\">\n\t\t\t\t<div class=\"elementor-element elementor-element-d03a59f elementor-widget__width-initial elementor-widget elementor-widget-image\" data-id=\"d03a59f\" data-element_type=\"widget\" data-widget_type=\"image.default\">\n\t\t\t\t\t\t\t\t\t\t\t\t\t\t\t<img fetchpriority=\"high\" decoding=\"async\" width=\"651\" height=\"830\" src=\"https:\/\/personae.16xv.com.br\/wp-content\/uploads\/2025\/08\/aps.webp\" class=\"attachment-full size-full wp-image-1377\" alt=\"\" srcset=\"https:\/\/personae.16xv.com.br\/wp-content\/uploads\/2025\/08\/aps.webp 651w, https:\/\/personae.16xv.com.br\/wp-content\/uploads\/2025\/08\/aps-235x300.webp 235w\" sizes=\"(max-width: 651px) 100vw, 651px\" \/>\t\t\t\t\t\t\t\t\t\t\t\t\t\t\t<\/div>\n\t\t\t\t<\/div>\n\t\t<div class=\"elementor-element elementor-element-b8d4f65 e-con-full e-flex e-con e-child\" data-id=\"b8d4f65\" data-element_type=\"container\">\n\t\t<div class=\"elementor-element elementor-element-f4426c5 e-con-full e-flex e-con e-child\" data-id=\"f4426c5\" data-element_type=\"container\">\n\t\t\t\t<div class=\"elementor-element elementor-element-81c296d elementor-widget__width-initial elementor-widget-mobile__width-initial elementor-widget elementor-widget-heading\" data-id=\"81c296d\" data-element_type=\"widget\" data-widget_type=\"heading.default\">\n\t\t\t\t\t<h2 class=\"elementor-heading-title elementor-size-default\">E ainda temos v\u00e1rios servi\u00e7os emergenciais<\/h2>\t\t\t\t<\/div>\n\t\t\t\t<div class=\"elementor-element elementor-element-915f49d elementor-widget elementor-widget-text-editor\" data-id=\"915f49d\" data-element_type=\"widget\" data-widget_type=\"text-editor.default\">\n\t\t\t\t\t\t\t\t\t<ul><li>Limpeza de calhas<\/li><li>Servi\u00e7o de telefonia<\/li><li>Help Desk<\/li><li>Reparos hidr\u00e1ulicos<\/li><li>Limpeza de caixa d\u2019\u00e1gua<\/li><li>Reparos de linha branca<\/li><li>Pet resid\u00eancia<\/li><li>Desentupimento<\/li><li>Reparos el\u00e9tricos<\/li><li>Substitui\u00e7\u00e3o de telhas<\/li><\/ul>\t\t\t\t\t\t\t\t<\/div>\n\t\t\t\t<\/div>\n\t\t\t\t<\/div>\n\t\t\t\t\t<\/div>\n\t\t\t\t<\/div>\n\t\t<div class=\"elementor-element elementor-element-532eb90 e-flex e-con-boxed e-con e-parent\" data-id=\"532eb90\" data-element_type=\"container\">\n\t\t\t\t\t<div class=\"e-con-inner\">\n\t\t\t\t<div class=\"elementor-element elementor-element-ff90ab9 elementor-widget__width-initial elementor-widget elementor-widget-heading\" data-id=\"ff90ab9\" data-element_type=\"widget\" data-widget_type=\"heading.default\">\n\t\t\t\t\t<h2 class=\"elementor-heading-title elementor-size-default\">Tranquilidade essencial para se viver bem.<\/h2>\t\t\t\t<\/div>\n\t\t\t\t<div class=\"elementor-element elementor-element-f20c9ef elementor-widget__width-initial elementor-widget elementor-widget-text-editor\" data-id=\"f20c9ef\" data-element_type=\"widget\" data-widget_type=\"text-editor.default\">\n\t\t\t\t\t\t\t\t\t<p>Lembre-se que alguns itens de alto valor devem ser cadastrados individualmente e que voc\u00ea tem v\u00e1rias op\u00e7\u00f5es de cobertura. Por isso, procure uma ap\u00f3lice que lhe ofere\u00e7a a melhor op\u00e7\u00e3o de preven\u00e7\u00e3o de acordo com suas necessidades. Com um bom seguro residencial, voc\u00ea poder\u00e1 desfrutar da sua casa segura, sabendo que voc\u00ea e sua fam\u00edlia est\u00e3o protegidos contra qualquer coisa que possa surgir.<\/p>\t\t\t\t\t\t\t\t<\/div>\n\t\t\t\t\t<\/div>\n\t\t\t\t<\/div>\n\t\t\t\t<\/div>\n\t\t","protected":false},"excerpt":{"rendered":"<p>SEGURO RESIDENCIALQUERO COTAR E onde passamos a maior parte do nosso tempo hoje para se sentir confort\u00e1vel e seguro nele, \u00e9 muito importante saber cuidar dele. Apenas seguindo algumas medidas de preven\u00e7\u00e3o, voc\u00ea pode manter a tranquilidade que voc\u00ea e sua fam\u00edlia procuram. Um bom seguro residencial n\u00e3o s\u00f3 protege voc\u00ea em caso de roubo, [&hellip;]<\/p>\n","protected":false},"author":1,"featured_media":0,"parent":0,"menu_order":0,"comment_status":"closed","ping_status":"closed","template":"elementor_header_footer","meta":{"footnotes":""},"class_list":["post-1238","page","type-page","status-publish","hentry"],"_links":{"self":[{"href":"https:\/\/personae.16xv.com.br\/index.php\/wp-json\/wp\/v2\/pages\/1238","targetHints":{"allow":["GET"]}}],"collection":[{"href":"https:\/\/personae.16xv.com.br\/index.php\/wp-json\/wp\/v2\/pages"}],"about":[{"href":"https:\/\/personae.16xv.com.br\/index.php\/wp-json\/wp\/v2\/types\/page"}],"author":[{"embeddable":true,"href":"https:\/\/personae.16xv.com.br\/index.php\/wp-json\/wp\/v2\/users\/1"}],"replies":[{"embeddable":true,"href":"https:\/\/personae.16xv.com.br\/index.php\/wp-json\/wp\/v2\/comments?post=1238"}],"version-history":[{"count":63,"href":"https:\/\/personae.16xv.com.br\/index.php\/wp-json\/wp\/v2\/pages\/1238\/revisions"}],"predecessor-version":[{"id":1845,"href":"https:\/\/personae.16xv.com.br\/index.php\/wp-json\/wp\/v2\/pages\/1238\/revisions\/1845"}],"wp:attachment":[{"href":"https:\/\/personae.16xv.com.br\/index.php\/wp-json\/wp\/v2\/media?parent=1238"}],"curies":[{"name":"wp","href":"https:\/\/api.w.org\/{rel}","templated":true}]}}