{"id":1240,"date":"2025-08-05T18:39:44","date_gmt":"2025-08-05T18:39:44","guid":{"rendered":"https:\/\/personae.16xv.com.br\/?page_id=1240"},"modified":"2025-12-09T17:36:00","modified_gmt":"2025-12-09T17:36:00","slug":"seguro-automovel","status":"publish","type":"page","link":"https:\/\/personae.16xv.com.br\/index.php\/seguro-automovel\/","title":{"rendered":"Seguro Autom\u00f3vel"},"content":{"rendered":"\t\t<div data-elementor-type=\"wp-page\" data-elementor-id=\"1240\" class=\"elementor elementor-1240\" data-elementor-post-type=\"page\">\n\t\t\t\t<div class=\"elementor-element elementor-element-ee22aa1 e-flex e-con-boxed e-con e-parent\" data-id=\"ee22aa1\" data-element_type=\"container\">\n\t\t\t\t\t<div class=\"e-con-inner\">\n\t\t\t\t<div class=\"elementor-element elementor-element-d4b8e60 elementor--h-position-center elementor--v-position-middle elementor-arrows-position-inside elementor-pagination-position-inside elementor-widget elementor-widget-slides\" data-id=\"d4b8e60\" data-element_type=\"widget\" data-settings=\"{&quot;navigation&quot;:&quot;both&quot;,&quot;autoplay&quot;:&quot;yes&quot;,&quot;pause_on_hover&quot;:&quot;yes&quot;,&quot;pause_on_interaction&quot;:&quot;yes&quot;,&quot;autoplay_speed&quot;:5000,&quot;infinite&quot;:&quot;yes&quot;,&quot;transition&quot;:&quot;slide&quot;,&quot;transition_speed&quot;:500}\" data-widget_type=\"slides.default\">\n\t\t\t\t\t\t\t\t\t\t<div class=\"elementor-slides-wrapper elementor-main-swiper swiper\" role=\"region\" aria-roledescription=\"carousel\" aria-label=\"Slides\" dir=\"ltr\" data-animation=\"fadeInLeft\">\n\t\t\t\t<div class=\"swiper-wrapper elementor-slides\">\n\t\t\t\t\t\t\t\t\t\t<div class=\"elementor-repeater-item-d09aa76 swiper-slide\" role=\"group\" aria-roledescription=\"slide\"><div class=\"swiper-slide-bg\" role=\"img\" aria-label=\"full-auto\"><\/div><div class=\"elementor-background-overlay\"><\/div><a class=\"swiper-slide-inner\" href=\"https:\/\/personae.16xv.com.br\/index.php\/fale-conosco\/\"><div class=\"swiper-slide-contents\"><div class=\"elementor-slide-description\">SEGURO AUTOM\u00d3VEL<\/div><div  class=\"elementor-button elementor-slide-button elementor-size-lg\">QUERO COTAR<\/div><\/div><\/a><\/div>\t\t\t\t<\/div>\n\t\t\t\t\t\t\t<\/div>\n\t\t\t\t\t\t\t\t<\/div>\n\t\t\t\t\t<\/div>\n\t\t\t\t<\/div>\n\t\t<div class=\"elementor-element elementor-element-99c8f1a e-flex e-con-boxed e-con e-parent\" data-id=\"99c8f1a\" data-element_type=\"container\">\n\t\t\t\t\t<div class=\"e-con-inner\">\n\t\t<div class=\"elementor-element elementor-element-0241f46 e-con-full e-flex e-con e-child\" data-id=\"0241f46\" data-element_type=\"container\">\n\t\t<div class=\"elementor-element elementor-element-13a4a6b e-con-full e-flex e-con e-child\" data-id=\"13a4a6b\" data-element_type=\"container\">\n\t\t\t\t<div class=\"elementor-element elementor-element-377ca01 elementor-widget__width-initial elementor-widget-mobile__width-initial elementor-widget elementor-widget-text-editor\" data-id=\"377ca01\" data-element_type=\"widget\" data-widget_type=\"text-editor.default\">\n\t\t\t\t\t\t\t\t\t<p>A Personae oferece diferentes planos que lhe permitir\u00e3o contratar um seguro autom\u00f3vel ao melhor pre\u00e7o e \u00e0 medida das suas necessidades. Nossos planos oferecem prote\u00e7\u00e3o integral e s\u00e3o pensados para responder \u00e0 realidade e estilo de vida de cada motorista.<\/p>\t\t\t\t\t\t\t\t<\/div>\n\t\t\t\t<\/div>\n\t\t\t\t<\/div>\n\t\t<div class=\"elementor-element elementor-element-49621ba e-con-full e-flex e-con e-child\" data-id=\"49621ba\" data-element_type=\"container\">\n\t\t\t\t<div class=\"elementor-element elementor-element-811059a elementor-widget elementor-widget-image\" data-id=\"811059a\" data-element_type=\"widget\" data-widget_type=\"image.default\">\n\t\t\t\t\t\t\t\t\t\t\t\t\t\t\t<img fetchpriority=\"high\" decoding=\"async\" width=\"601\" height=\"290\" src=\"https:\/\/personae.16xv.com.br\/wp-content\/uploads\/2025\/08\/pessoa-seguro.jpg\" class=\"attachment-large size-large wp-image-1455\" alt=\"\" srcset=\"https:\/\/personae.16xv.com.br\/wp-content\/uploads\/2025\/08\/pessoa-seguro.jpg 601w, https:\/\/personae.16xv.com.br\/wp-content\/uploads\/2025\/08\/pessoa-seguro-300x145.jpg 300w\" sizes=\"(max-width: 601px) 100vw, 601px\" \/>\t\t\t\t\t\t\t\t\t\t\t\t\t\t\t<\/div>\n\t\t\t\t<\/div>\n\t\t\t\t\t<\/div>\n\t\t\t\t<\/div>\n\t\t<div class=\"elementor-element elementor-element-44b1d7a e-flex e-con-boxed e-con e-parent\" data-id=\"44b1d7a\" data-element_type=\"container\" data-settings=\"{&quot;background_background&quot;:&quot;classic&quot;}\">\n\t\t\t\t\t<div class=\"e-con-inner\">\n\t\t<div class=\"elementor-element elementor-element-0cfd46d e-con-full e-flex e-con e-child\" data-id=\"0cfd46d\" data-element_type=\"container\">\n\t\t\t\t<div class=\"elementor-element elementor-element-47dcee5 elementor-widget__width-initial elementor-widget-mobile__width-initial elementor-widget elementor-widget-text-editor\" data-id=\"47dcee5\" data-element_type=\"widget\" data-widget_type=\"text-editor.default\">\n\t\t\t\t\t\t\t\t\t<p>Al\u00e9m disso, seu processo de renova\u00e7\u00e3o \u00e9 muito simples, pois voc\u00ea pode faz\u00ea-lo automaticamente. Nossas ap\u00f3lices s\u00e3o pensadas para que voc\u00ea tenha um grande n\u00famero de benef\u00edcios e servi\u00e7os, e assim aproveite todo o potencial do seu seguro de autom\u00f3vel<\/p>\t\t\t\t\t\t\t\t<\/div>\n\t\t\t\t<div class=\"elementor-element elementor-element-3468eb7 elementor-widget__width-initial elementor-widget-mobile__width-initial elementor-widget elementor-widget-text-editor\" data-id=\"3468eb7\" data-element_type=\"widget\" data-widget_type=\"text-editor.default\">\n\t\t\t\t\t\t\t\t\t<p>Para facilitar sua vida voc\u00ea pode contratar nosso seguro 100% online.<\/p>\t\t\t\t\t\t\t\t<\/div>\n\t\t\t\t<\/div>\n\t\t\t\t\t<\/div>\n\t\t\t\t<\/div>\n\t\t<div class=\"elementor-element elementor-element-dbc4c4d e-flex e-con-boxed e-con e-parent\" data-id=\"dbc4c4d\" data-element_type=\"container\" data-settings=\"{&quot;background_background&quot;:&quot;classic&quot;}\">\n\t\t\t\t\t<div class=\"e-con-inner\">\n\t\t<div class=\"elementor-element elementor-element-e6abb17 e-con-full e-flex e-con e-child\" data-id=\"e6abb17\" data-element_type=\"container\" data-settings=\"{&quot;background_background&quot;:&quot;classic&quot;}\">\n\t\t\t\t<div class=\"elementor-element elementor-element-d03a59f elementor-widget elementor-widget-image\" data-id=\"d03a59f\" data-element_type=\"widget\" data-widget_type=\"image.default\">\n\t\t\t\t\t\t\t\t\t\t\t\t\t\t\t<img decoding=\"async\" width=\"601\" height=\"451\" src=\"https:\/\/personae.16xv.com.br\/wp-content\/uploads\/2025\/08\/carro2.webp\" class=\"attachment-large size-large wp-image-1465\" alt=\"\" srcset=\"https:\/\/personae.16xv.com.br\/wp-content\/uploads\/2025\/08\/carro2.webp 601w, https:\/\/personae.16xv.com.br\/wp-content\/uploads\/2025\/08\/carro2-300x225.webp 300w\" sizes=\"(max-width: 601px) 100vw, 601px\" \/>\t\t\t\t\t\t\t\t\t\t\t\t\t\t\t<\/div>\n\t\t\t\t<\/div>\n\t\t<div class=\"elementor-element elementor-element-8787ba4 e-con-full e-flex e-con e-child\" data-id=\"8787ba4\" data-element_type=\"container\" data-settings=\"{&quot;background_background&quot;:&quot;classic&quot;}\">\n\t\t<div class=\"elementor-element elementor-element-f4426c5 e-con-full e-flex e-con e-child\" data-id=\"f4426c5\" data-element_type=\"container\">\n\t\t\t\t<div class=\"elementor-element elementor-element-81c296d elementor-widget elementor-widget-heading\" data-id=\"81c296d\" data-element_type=\"widget\" data-widget_type=\"heading.default\">\n\t\t\t\t\t<h2 class=\"elementor-heading-title elementor-size-default\">Cobertura<\/h2>\t\t\t\t<\/div>\n\t\t\t\t<div class=\"elementor-element elementor-element-915f49d elementor-widget__width-initial elementor-widget elementor-widget-text-editor\" data-id=\"915f49d\" data-element_type=\"widget\" data-widget_type=\"text-editor.default\">\n\t\t\t\t\t\t\t\t\t<ul><li>Colis\u00e3o, choque, abalroamento, capotagem acidental<\/li><li>Queda acidental<\/li><li>Raio<\/li><li>Roubo ou furto<\/li><li>Submers\u00e3o do ve\u00edculo<\/li><li>Granizo, furac\u00e3o, terremoto<\/li><li>Despesas necess\u00e1rias ao salvamento<\/li><li>Roubo ou furto de aparelho de som<\/li><li>Mediante condi\u00e7\u00f5es gerais da seguradora<\/li><\/ul>\t\t\t\t\t\t\t\t<\/div>\n\t\t\t\t<\/div>\n\t\t\t\t<\/div>\n\t\t\t\t\t<\/div>\n\t\t\t\t<\/div>\n\t\t<div class=\"elementor-element elementor-element-76e5fb7 e-flex e-con-boxed e-con e-parent\" data-id=\"76e5fb7\" data-element_type=\"container\" data-settings=\"{&quot;background_background&quot;:&quot;classic&quot;}\">\n\t\t\t\t\t<div class=\"e-con-inner\">\n\t\t<div class=\"elementor-element elementor-element-104a5a1 e-con-full e-flex e-con e-child\" data-id=\"104a5a1\" data-element_type=\"container\">\n\t\t\t\t<div class=\"elementor-element elementor-element-2d779af elementor-widget__width-initial elementor-widget-mobile__width-initial elementor-widget elementor-widget-text-editor\" data-id=\"2d779af\" data-element_type=\"widget\" data-widget_type=\"text-editor.default\">\n\t\t\t\t\t\t\t\t\t<p>Proteja-se mais com as nossas coberturas adicionais<\/p>\t\t\t\t\t\t\t\t<\/div>\n\t\t\t\t<div class=\"elementor-element elementor-element-eeabc55 elementor-widget__width-initial elementor-widget-mobile__width-initial elementor-widget elementor-widget-text-editor\" data-id=\"eeabc55\" data-element_type=\"widget\" data-widget_type=\"text-editor.default\">\n\t\t\t\t\t\t\t\t\t<p>Voc\u00ea quer sentir mais calmo? Depois de escolher o seu tipo de seguro, voc\u00ea tem a op\u00e7\u00e3o de adicionar essas coberturas adicionais para completar o seu seguro autom\u00f3vel.<\/p>\t\t\t\t\t\t\t\t<\/div>\n\t\t\t\t<\/div>\n\t\t<div class=\"elementor-element elementor-element-f33c752 e-con-full e-flex e-con e-child\" data-id=\"f33c752\" data-element_type=\"container\">\n\t\t\t\t<div class=\"elementor-element elementor-element-ff6a723 elementor-widget__width-initial elementor-widget-mobile__width-initial elementor-widget elementor-widget-text-editor\" data-id=\"ff6a723\" data-element_type=\"widget\" data-widget_type=\"text-editor.default\">\n\t\t\t\t\t\t\t\t\t<ul><li>Como indeniza\u00e7\u00e3o em caso de sinistro ocorrido fora do Brasil<\/li><li>Reembolso de despesas m\u00e9dicas e extraordin\u00e1rias<\/li><li>Carro reserva<\/li><li>Assist\u00eancias diversas em caso de pane el\u00e9trica e outras<\/li><li>Remo\u00e7\u00e3o inter hospitalar de v\u00edtimas de acidente com ve\u00edculo segurado<\/li><li>Hospedagem<\/li><li>Motorista profissional<\/li><li>Traslado de corpos<\/li><\/ul>\t\t\t\t\t\t\t\t<\/div>\n\t\t\t\t<\/div>\n\t\t\t\t\t<\/div>\n\t\t\t\t<\/div>\n\t\t<div class=\"elementor-element elementor-element-7282339 e-flex e-con-boxed e-con e-parent\" data-id=\"7282339\" data-element_type=\"container\" data-settings=\"{&quot;background_background&quot;:&quot;classic&quot;}\">\n\t\t\t\t\t<div class=\"e-con-inner\">\n\t\t\t\t<div class=\"elementor-element elementor-element-d953956 elementor-widget__width-initial elementor-widget-mobile__width-initial elementor-widget elementor-widget-heading\" data-id=\"d953956\" data-element_type=\"widget\" data-widget_type=\"heading.default\">\n\t\t\t\t\t<h2 class=\"elementor-heading-title elementor-size-default\">Ter um bom seguro auto \u00e9 essencial.<\/h2>\t\t\t\t<\/div>\n\t\t\t\t<div class=\"elementor-element elementor-element-bf70762 elementor-widget__width-initial elementor-widget-mobile__width-initial elementor-widget elementor-widget-text-editor\" data-id=\"bf70762\" data-element_type=\"widget\" data-widget_type=\"text-editor.default\">\n\t\t\t\t\t\t\t\t\t<p>Ningu\u00e9m est\u00e1 isento de cometer um erro ou sofrer um acidente causado por terceiros. Por isso, pense bem antes de decidir qual seguradora contratar. Sua tranquilidade e sua seguran\u00e7a merecem o melhor.<\/p>\t\t\t\t\t\t\t\t<\/div>\n\t\t\t\t\t<\/div>\n\t\t\t\t<\/div>\n\t\t\t\t<\/div>\n\t\t","protected":false},"excerpt":{"rendered":"<p>SEGURO AUTOM\u00d3VELQUERO COTAR A Personae oferece diferentes planos que lhe permitir\u00e3o contratar um seguro autom\u00f3vel ao melhor pre\u00e7o e \u00e0 medida das suas necessidades. Nossos planos oferecem prote\u00e7\u00e3o integral e s\u00e3o pensados para responder \u00e0 realidade e estilo de vida de cada motorista. Al\u00e9m disso, seu processo de renova\u00e7\u00e3o \u00e9 muito simples, pois voc\u00ea pode [&hellip;]<\/p>\n","protected":false},"author":1,"featured_media":0,"parent":0,"menu_order":0,"comment_status":"closed","ping_status":"closed","template":"elementor_header_footer","meta":{"footnotes":""},"class_list":["post-1240","page","type-page","status-publish","hentry"],"_links":{"self":[{"href":"https:\/\/personae.16xv.com.br\/index.php\/wp-json\/wp\/v2\/pages\/1240","targetHints":{"allow":["GET"]}}],"collection":[{"href":"https:\/\/personae.16xv.com.br\/index.php\/wp-json\/wp\/v2\/pages"}],"about":[{"href":"https:\/\/personae.16xv.com.br\/index.php\/wp-json\/wp\/v2\/types\/page"}],"author":[{"embeddable":true,"href":"https:\/\/personae.16xv.com.br\/index.php\/wp-json\/wp\/v2\/users\/1"}],"replies":[{"embeddable":true,"href":"https:\/\/personae.16xv.com.br\/index.php\/wp-json\/wp\/v2\/comments?post=1240"}],"version-history":[{"count":57,"href":"https:\/\/personae.16xv.com.br\/index.php\/wp-json\/wp\/v2\/pages\/1240\/revisions"}],"predecessor-version":[{"id":1836,"href":"https:\/\/personae.16xv.com.br\/index.php\/wp-json\/wp\/v2\/pages\/1240\/revisions\/1836"}],"wp:attachment":[{"href":"https:\/\/personae.16xv.com.br\/index.php\/wp-json\/wp\/v2\/media?parent=1240"}],"curies":[{"name":"wp","href":"https:\/\/api.w.org\/{rel}","templated":true}]}}