{"id":1242,"date":"2025-08-05T18:40:07","date_gmt":"2025-08-05T18:40:07","guid":{"rendered":"https:\/\/personae.16xv.com.br\/?page_id=1242"},"modified":"2025-12-09T17:45:22","modified_gmt":"2025-12-09T17:45:22","slug":"seguro-saude","status":"publish","type":"page","link":"https:\/\/personae.16xv.com.br\/index.php\/seguro-saude\/","title":{"rendered":"Seguro Sa\u00fade"},"content":{"rendered":"\t\t<div data-elementor-type=\"wp-page\" data-elementor-id=\"1242\" class=\"elementor elementor-1242\" data-elementor-post-type=\"page\">\n\t\t\t\t<div class=\"elementor-element elementor-element-ee22aa1 e-flex e-con-boxed e-con e-parent\" data-id=\"ee22aa1\" data-element_type=\"container\">\n\t\t\t\t\t<div class=\"e-con-inner\">\n\t\t\t\t<div class=\"elementor-element elementor-element-d4b8e60 elementor--h-position-center elementor--v-position-middle elementor-arrows-position-inside elementor-pagination-position-inside elementor-widget elementor-widget-slides\" data-id=\"d4b8e60\" data-element_type=\"widget\" data-settings=\"{&quot;navigation&quot;:&quot;both&quot;,&quot;autoplay&quot;:&quot;yes&quot;,&quot;pause_on_hover&quot;:&quot;yes&quot;,&quot;pause_on_interaction&quot;:&quot;yes&quot;,&quot;autoplay_speed&quot;:5000,&quot;infinite&quot;:&quot;yes&quot;,&quot;transition&quot;:&quot;slide&quot;,&quot;transition_speed&quot;:500}\" data-widget_type=\"slides.default\">\n\t\t\t\t\t\t\t\t\t\t<div class=\"elementor-slides-wrapper elementor-main-swiper swiper\" role=\"region\" aria-roledescription=\"carousel\" aria-label=\"Slides\" dir=\"ltr\" data-animation=\"fadeInLeft\">\n\t\t\t\t<div class=\"swiper-wrapper elementor-slides\">\n\t\t\t\t\t\t\t\t\t\t<div class=\"elementor-repeater-item-d09aa76 swiper-slide\" role=\"group\" aria-roledescription=\"slide\"><div class=\"swiper-slide-bg\" role=\"img\" aria-label=\"full-saude\"><\/div><div class=\"elementor-background-overlay\"><\/div><a class=\"swiper-slide-inner\" href=\"https:\/\/personae.16xv.com.br\/index.php\/fale-conosco\/\"><div class=\"swiper-slide-contents\"><div class=\"elementor-slide-description\">SEGURO SA\u00daDE<\/div><div  class=\"elementor-button elementor-slide-button elementor-size-lg\">QUERO COTAR<\/div><\/div><\/a><\/div>\t\t\t\t<\/div>\n\t\t\t\t\t\t\t<\/div>\n\t\t\t\t\t\t\t\t<\/div>\n\t\t\t\t\t<\/div>\n\t\t\t\t<\/div>\n\t\t<div class=\"elementor-element elementor-element-9984585 e-flex e-con-boxed e-con e-parent\" data-id=\"9984585\" data-element_type=\"container\" data-settings=\"{&quot;background_background&quot;:&quot;classic&quot;}\">\n\t\t\t\t\t<div class=\"e-con-inner\">\n\t\t\t\t<div class=\"elementor-element elementor-element-377ca01 elementor-widget__width-initial elementor-widget elementor-widget-text-editor\" data-id=\"377ca01\" data-element_type=\"widget\" data-widget_type=\"text-editor.default\">\n\t\t\t\t\t\t\t\t\t<p>Sua sa\u00fade em primeiro lugar!<\/p>\t\t\t\t\t\t\t\t<\/div>\n\t\t\t\t<div class=\"elementor-element elementor-element-610126b elementor-widget__width-initial elementor-widget elementor-widget-text-editor\" data-id=\"610126b\" data-element_type=\"widget\" data-widget_type=\"text-editor.default\">\n\t\t\t\t\t\t\t\t\t<p>Equipamentos e m\u00e1quinas agr\u00edcolas est\u00e3o em constante utiliza\u00e7\u00e3o. Um investimento consider\u00e1vel deve ser protegido e ainda mais se n\u00e3o tivermos um substituto imediato para continuar nossas atividades. Tamb\u00e9m podem causar danos a terceiros e podem ser cobertos por uma cobertura complementar de responsabilidade civil.<\/p>\t\t\t\t\t\t\t\t<\/div>\n\t\t\t\t\t<\/div>\n\t\t\t\t<\/div>\n\t\t<div class=\"elementor-element elementor-element-99c8f1a e-flex e-con-boxed e-con e-parent\" data-id=\"99c8f1a\" data-element_type=\"container\">\n\t\t\t\t\t<div class=\"e-con-inner\">\n\t\t<div class=\"elementor-element elementor-element-0241f46 e-con-full e-flex e-con e-child\" data-id=\"0241f46\" data-element_type=\"container\">\n\t\t<div class=\"elementor-element elementor-element-13a4a6b e-con-full e-flex e-con e-child\" data-id=\"13a4a6b\" data-element_type=\"container\">\n\t\t\t\t<div class=\"elementor-element elementor-element-c543206 elementor-widget__width-initial elementor-widget elementor-widget-heading\" data-id=\"c543206\" data-element_type=\"widget\" data-widget_type=\"heading.default\">\n\t\t\t\t\t<h2 class=\"elementor-heading-title elementor-size-default\">Qual a diferen\u00e7a entre plano de sa\u00fade e seguro sa\u00fade?<\/h2>\t\t\t\t<\/div>\n\t\t\t\t<div class=\"elementor-element elementor-element-9591d09 elementor-widget__width-initial elementor-widget elementor-widget-text-editor\" data-id=\"9591d09\" data-element_type=\"widget\" data-widget_type=\"text-editor.default\">\n\t\t\t\t\t\t\t\t\t<p>Basicamente, a medicina pr\u00e9-paga ou o servi\u00e7o social prestam-lhe servi\u00e7os de tratamento ou assist\u00eancia m\u00e9dica, enquanto o seguro de sa\u00fade oferece cobertura para eventos espec\u00edficos, concedendo o benef\u00edcio contratado para determinados problemas de sa\u00fade. Indeniza o valor total segurado contratado, bastando apresentar a documenta\u00e7\u00e3o necess\u00e1ria para cada cobertura. Pode us\u00e1-lo para ser tratado em uma cl\u00ednica ou hospital autorizado que n\u00e3o esteja coberto em seu cart\u00e3o, despesas de viagem ou qualquer outra necessidade que voc\u00ea tenha.<\/p>\t\t\t\t\t\t\t\t<\/div>\n\t\t\t\t<\/div>\n\t\t\t\t<\/div>\n\t\t<div class=\"elementor-element elementor-element-49621ba e-con-full e-flex e-con e-child\" data-id=\"49621ba\" data-element_type=\"container\">\n\t\t\t\t<div class=\"elementor-element elementor-element-811059a elementor-widget elementor-widget-image\" data-id=\"811059a\" data-element_type=\"widget\" data-widget_type=\"image.default\">\n\t\t\t\t\t\t\t\t\t\t\t\t\t\t\t<img fetchpriority=\"high\" decoding=\"async\" width=\"601\" height=\"403\" src=\"https:\/\/personae.16xv.com.br\/wp-content\/uploads\/2025\/08\/medica.jpg\" class=\"attachment-large size-large wp-image-1327\" alt=\"\" srcset=\"https:\/\/personae.16xv.com.br\/wp-content\/uploads\/2025\/08\/medica.jpg 601w, https:\/\/personae.16xv.com.br\/wp-content\/uploads\/2025\/08\/medica-300x201.jpg 300w\" sizes=\"(max-width: 601px) 100vw, 601px\" \/>\t\t\t\t\t\t\t\t\t\t\t\t\t\t\t<\/div>\n\t\t\t\t<\/div>\n\t\t\t\t\t<\/div>\n\t\t\t\t<\/div>\n\t\t<div class=\"elementor-element elementor-element-f791ffc e-flex e-con-boxed e-con e-parent\" data-id=\"f791ffc\" data-element_type=\"container\" data-settings=\"{&quot;background_background&quot;:&quot;classic&quot;}\">\n\t\t\t\t\t<div class=\"e-con-inner\">\n\t\t<div class=\"elementor-element elementor-element-307f133 e-con-full e-flex e-con e-child\" data-id=\"307f133\" data-element_type=\"container\">\n\t\t<div class=\"elementor-element elementor-element-b541c09 e-con-full e-flex e-con e-child\" data-id=\"b541c09\" data-element_type=\"container\">\n\t\t\t\t<div class=\"elementor-element elementor-element-6a6a471 elementor-widget elementor-widget-heading\" data-id=\"6a6a471\" data-element_type=\"widget\" data-widget_type=\"heading.default\">\n\t\t\t\t\t<h2 class=\"elementor-heading-title elementor-size-default\">Cobertura<\/h2>\t\t\t\t<\/div>\n\t\t\t\t<div class=\"elementor-element elementor-element-819a0cb elementor-widget-mobile__width-initial elementor-widget elementor-widget-text-editor\" data-id=\"819a0cb\" data-element_type=\"widget\" data-widget_type=\"text-editor.default\">\n\t\t\t\t\t\t\t\t\t<ul><li>Interna\u00e7\u00f5es decorrentes de urg\u00eancia e emerg\u00eancia<\/li><li><p>Tratamento hospitalar de transtornos psiqui\u00e1tricos<\/p><\/li><li><p>Atendimento \u00e0 gestante (pr\u00e9-parto, parto e p\u00f3s-parto)<\/p><\/li><li><p>Transplante<\/p><\/li><li><p>Implantes<\/p><\/li><li>Cirurgias restauradoras<\/li><li>Exames cl\u00ednicos e laboratoriais<\/li><li>Acidentes de trabalho, dentre outras<\/li><li>Mediante condi\u00e7\u00f5es gerais da seguradora<\/li><\/ul>\t\t\t\t\t\t\t\t<\/div>\n\t\t\t\t<\/div>\n\t\t\t\t<\/div>\n\t\t<div class=\"elementor-element elementor-element-02176f8 e-con-full e-flex e-con e-child\" data-id=\"02176f8\" data-element_type=\"container\">\n\t\t<div class=\"elementor-element elementor-element-c9353c1 e-con-full e-flex e-con e-child\" data-id=\"c9353c1\" data-element_type=\"container\">\n\t\t\t\t<div class=\"elementor-element elementor-element-3bb8256 elementor-widget__width-initial elementor-widget-mobile__width-initial elementor-widget elementor-widget-heading\" data-id=\"3bb8256\" data-element_type=\"widget\" data-widget_type=\"heading.default\">\n\t\t\t\t\t<h2 class=\"elementor-heading-title elementor-size-default\">Al\u00e9m disso, h\u00e1 coberturas adicionais<\/h2>\t\t\t\t<\/div>\n\t\t\t\t<div class=\"elementor-element elementor-element-edcbe63 elementor-widget-mobile__width-initial elementor-widget elementor-widget-text-editor\" data-id=\"edcbe63\" data-element_type=\"widget\" data-widget_type=\"text-editor.default\">\n\t\t\t\t\t\t\t\t\t<ul><li>Remo\u00e7\u00e3o m\u00e9dica<\/li><li>Regresso domiciliar por raz\u00e3o m\u00e9dica<\/li><li>Localiza\u00e7\u00e3o e encaminhamento de bagagem extraviada<\/li><li>Ajuda financeira por extravio de bagagem<\/li><li>Passagem a\u00e9rea para visita de parente de segurado<\/li><li>Hospedagem de parente de segurado<\/li><li>Traslado de corpo, dentre outras<\/li><\/ul>\t\t\t\t\t\t\t\t<\/div>\n\t\t\t\t<\/div>\n\t\t\t\t<\/div>\n\t\t\t\t\t<\/div>\n\t\t\t\t<\/div>\n\t\t\t\t<\/div>\n\t\t","protected":false},"excerpt":{"rendered":"<p>SEGURO SA\u00daDEQUERO COTAR Sua sa\u00fade em primeiro lugar! Equipamentos e m\u00e1quinas agr\u00edcolas est\u00e3o em constante utiliza\u00e7\u00e3o. Um investimento consider\u00e1vel deve ser protegido e ainda mais se n\u00e3o tivermos um substituto imediato para continuar nossas atividades. Tamb\u00e9m podem causar danos a terceiros e podem ser cobertos por uma cobertura complementar de responsabilidade civil. Qual a diferen\u00e7a [&hellip;]<\/p>\n","protected":false},"author":1,"featured_media":0,"parent":0,"menu_order":0,"comment_status":"closed","ping_status":"closed","template":"elementor_header_footer","meta":{"footnotes":""},"class_list":["post-1242","page","type-page","status-publish","hentry"],"_links":{"self":[{"href":"https:\/\/personae.16xv.com.br\/index.php\/wp-json\/wp\/v2\/pages\/1242","targetHints":{"allow":["GET"]}}],"collection":[{"href":"https:\/\/personae.16xv.com.br\/index.php\/wp-json\/wp\/v2\/pages"}],"about":[{"href":"https:\/\/personae.16xv.com.br\/index.php\/wp-json\/wp\/v2\/types\/page"}],"author":[{"embeddable":true,"href":"https:\/\/personae.16xv.com.br\/index.php\/wp-json\/wp\/v2\/users\/1"}],"replies":[{"embeddable":true,"href":"https:\/\/personae.16xv.com.br\/index.php\/wp-json\/wp\/v2\/comments?post=1242"}],"version-history":[{"count":30,"href":"https:\/\/personae.16xv.com.br\/index.php\/wp-json\/wp\/v2\/pages\/1242\/revisions"}],"predecessor-version":[{"id":1848,"href":"https:\/\/personae.16xv.com.br\/index.php\/wp-json\/wp\/v2\/pages\/1242\/revisions\/1848"}],"wp:attachment":[{"href":"https:\/\/personae.16xv.com.br\/index.php\/wp-json\/wp\/v2\/media?parent=1242"}],"curies":[{"name":"wp","href":"https:\/\/api.w.org\/{rel}","templated":true}]}}