{"id":1256,"date":"2025-08-05T18:42:14","date_gmt":"2025-08-05T18:42:14","guid":{"rendered":"https:\/\/personae.16xv.com.br\/?page_id=1256"},"modified":"2025-12-09T17:37:46","modified_gmt":"2025-12-09T17:37:46","slug":"empresarial","status":"publish","type":"page","link":"https:\/\/personae.16xv.com.br\/index.php\/empresarial\/","title":{"rendered":"Seguro Empresarial"},"content":{"rendered":"\t\t<div data-elementor-type=\"wp-page\" data-elementor-id=\"1256\" class=\"elementor elementor-1256\" data-elementor-post-type=\"page\">\n\t\t\t\t<div class=\"elementor-element elementor-element-ee22aa1 e-flex e-con-boxed e-con e-parent\" data-id=\"ee22aa1\" data-element_type=\"container\">\n\t\t\t\t\t<div class=\"e-con-inner\">\n\t\t\t\t<div class=\"elementor-element elementor-element-d4b8e60 elementor--h-position-center elementor--v-position-middle elementor-arrows-position-inside elementor-pagination-position-inside elementor-widget elementor-widget-slides\" data-id=\"d4b8e60\" data-element_type=\"widget\" data-settings=\"{&quot;navigation&quot;:&quot;both&quot;,&quot;autoplay&quot;:&quot;yes&quot;,&quot;pause_on_hover&quot;:&quot;yes&quot;,&quot;pause_on_interaction&quot;:&quot;yes&quot;,&quot;autoplay_speed&quot;:5000,&quot;infinite&quot;:&quot;yes&quot;,&quot;transition&quot;:&quot;slide&quot;,&quot;transition_speed&quot;:500}\" data-widget_type=\"slides.default\">\n\t\t\t\t\t\t\t\t\t\t<div class=\"elementor-slides-wrapper elementor-main-swiper swiper\" role=\"region\" aria-roledescription=\"carousel\" aria-label=\"Slides\" dir=\"ltr\" data-animation=\"fadeInLeft\">\n\t\t\t\t<div class=\"swiper-wrapper elementor-slides\">\n\t\t\t\t\t\t\t\t\t\t<div class=\"elementor-repeater-item-d09aa76 swiper-slide\" role=\"group\" aria-roledescription=\"slide\"><div class=\"swiper-slide-bg\" role=\"img\" aria-label=\"empresa-full\"><\/div><div class=\"elementor-background-overlay\"><\/div><a class=\"swiper-slide-inner\" href=\"https:\/\/personae.16xv.com.br\/index.php\/fale-conosco\/\"><div class=\"swiper-slide-contents\"><div class=\"elementor-slide-description\">EMPRESARIAL PARA <br>PR\u00c9DIOS E CONTE\u00daDO<\/div><div  class=\"elementor-button elementor-slide-button elementor-size-lg\">QUERO COTAR<\/div><\/div><\/a><\/div>\t\t\t\t<\/div>\n\t\t\t\t\t\t\t<\/div>\n\t\t\t\t\t\t\t\t<\/div>\n\t\t\t\t\t<\/div>\n\t\t\t\t<\/div>\n\t\t<div class=\"elementor-element elementor-element-dbc4c4d e-flex e-con-boxed e-con e-parent\" data-id=\"dbc4c4d\" data-element_type=\"container\" data-settings=\"{&quot;background_background&quot;:&quot;classic&quot;}\">\n\t\t\t\t\t<div class=\"e-con-inner\">\n\t\t<div class=\"elementor-element elementor-element-e6abb17 e-con-full e-flex e-con e-child\" data-id=\"e6abb17\" data-element_type=\"container\" data-settings=\"{&quot;background_background&quot;:&quot;classic&quot;}\">\n\t\t\t\t<div class=\"elementor-element elementor-element-377ca01 elementor-widget__width-initial elementor-widget elementor-widget-text-editor\" data-id=\"377ca01\" data-element_type=\"widget\" data-widget_type=\"text-editor.default\">\n\t\t\t\t\t\t\t\t\t<p>Assegure o seu neg\u00f3cio e dedique-ser exclusivamente a pensar no crescimento da sua empresa. Atualmente, as maiores preocupa\u00e7\u00f5es dos empresarios \u00e9 atender todas as necessidades de seus clientes. Mas nem todos est\u00e3o preparados para os prejuizos que podem ocorrer devido a inc\u00eandios, assaltados ou at\u00e9 mesmo vendavais.<\/p>\t\t\t\t\t\t\t\t<\/div>\n\t\t\t\t<\/div>\n\t\t<div class=\"elementor-element elementor-element-8787ba4 e-con-full e-flex e-con e-child\" data-id=\"8787ba4\" data-element_type=\"container\" data-settings=\"{&quot;background_background&quot;:&quot;classic&quot;}\">\n\t\t<div class=\"elementor-element elementor-element-e0459d4 e-con-full e-flex e-con e-child\" data-id=\"e0459d4\" data-element_type=\"container\" data-settings=\"{&quot;background_background&quot;:&quot;classic&quot;}\">\n\t\t\t\t<div class=\"elementor-element elementor-element-610126b elementor-widget__width-initial elementor-widget elementor-widget-text-editor\" data-id=\"610126b\" data-element_type=\"widget\" data-widget_type=\"text-editor.default\">\n\t\t\t\t\t\t\t\t\t<p>Um seguro empresarial fonecer\u00e1 a cobertura necess\u00e1ria e considerar\u00e1 todos os aspectos importantes de um neg\u00f3cio, oferecendo-lhe suporte menet\u00e1rio no caso de qualquer incidente considerado na ap\u00f3lice.<\/p>\t\t\t\t\t\t\t\t<\/div>\n\t\t\t\t<\/div>\n\t\t\t\t<\/div>\n\t\t\t\t\t<\/div>\n\t\t\t\t<\/div>\n\t\t<div class=\"elementor-element elementor-element-44b1d7a e-flex e-con-boxed e-con e-parent\" data-id=\"44b1d7a\" data-element_type=\"container\" data-settings=\"{&quot;background_background&quot;:&quot;classic&quot;}\">\n\t\t\t\t\t<div class=\"e-con-inner\">\n\t\t\t\t<div class=\"elementor-element elementor-element-3468eb7 elementor-widget__width-initial elementor-widget-mobile__width-initial elementor-widget elementor-widget-text-editor\" data-id=\"3468eb7\" data-element_type=\"widget\" data-widget_type=\"text-editor.default\">\n\t\t\t\t\t\t\t\t\t<p>Na Personae trabalhamos com as principais seguradoras do pais<\/p>\t\t\t\t\t\t\t\t<\/div>\n\t\t\t\t<div class=\"elementor-element elementor-element-47dcee5 elementor-widget__width-initial elementor-widget-mobile__width-initial elementor-widget elementor-widget-text-editor\" data-id=\"47dcee5\" data-element_type=\"widget\" data-widget_type=\"text-editor.default\">\n\t\t\t\t\t\t\t\t\t<p>para oferecer uma ampla variedade de coberturas que se ajustem ao seu or\u00e7amento e necessidades.<\/p>\t\t\t\t\t\t\t\t<\/div>\n\t\t\t\t<div class=\"elementor-element elementor-element-1cfc575 elementor-widget__width-initial elementor-widget-mobile__width-initial elementor-widget elementor-widget-text-editor\" data-id=\"1cfc575\" data-element_type=\"widget\" data-widget_type=\"text-editor.default\">\n\t\t\t\t\t\t\t\t\t<p>O seguro da Personae inclui, al\u00e9m da edifica\u00e7\u00e3o, tamb\u00e9m o conte\u00fado. O conte\u00fado de uma empresa inclui todas as propriedades f\u00edsicas localizadas no espa\u00e7o de sua organiza\u00e7\u00e3o, seja alugando, possuindo seu pr\u00f3prio espa\u00e7o ou operando em casa. N\u00e3o se trata apenas de m\u00f3veis de escrit\u00f3rio, suprimentos, computadores e m\u00e1quinas, mas tamb\u00e9m de estoque de produtos. Por exemplo, se voc\u00ea administra um neg\u00f3cio de roupas, sapatos e outros itens \u00e0 venda s\u00e3o considerados \u2018conte\u00fados\u2019 e precis\u00e3o de prote\u00e7\u00e3o.<\/p>\t\t\t\t\t\t\t\t<\/div>\n\t\t\t\t\t<\/div>\n\t\t\t\t<\/div>\n\t\t<div class=\"elementor-element elementor-element-acb0866 e-flex e-con-boxed e-con e-parent\" data-id=\"acb0866\" data-element_type=\"container\" data-settings=\"{&quot;background_background&quot;:&quot;classic&quot;}\">\n\t\t\t\t\t<div class=\"e-con-inner\">\n\t\t<div class=\"elementor-element elementor-element-b509e95 e-con-full e-flex e-con e-child\" data-id=\"b509e95\" data-element_type=\"container\" data-settings=\"{&quot;background_background&quot;:&quot;classic&quot;}\">\n\t\t<div class=\"elementor-element elementor-element-64fd028 e-con-full e-flex e-con e-child\" data-id=\"64fd028\" data-element_type=\"container\">\n\t\t\t\t<div class=\"elementor-element elementor-element-d228be9 elementor-widget-mobile__width-initial elementor-widget elementor-widget-heading\" data-id=\"d228be9\" data-element_type=\"widget\" data-widget_type=\"heading.default\">\n\t\t\t\t\t<h2 class=\"elementor-heading-title elementor-size-default\">Cobertura<\/h2>\t\t\t\t<\/div>\n\t\t\t\t<div class=\"elementor-element elementor-element-2d8e3f9 elementor-widget-mobile__width-initial elementor-widget elementor-widget-text-editor\" data-id=\"2d8e3f9\" data-element_type=\"widget\" data-widget_type=\"text-editor.default\">\n\t\t\t\t\t\t\t\t\t<ul><li style=\"font-weight: 400;\" aria-level=\"1\"><span style=\"font-weight: 400;\">Inc\u00eandio, Explos\u00e3o, Fuma\u00e7a e Danos F\u00edsicos Decorrentes da Queda de Raio<\/span><\/li><li style=\"font-weight: 400;\" aria-level=\"1\"><span style=\"font-weight: 400;\">Responsabilidade Civil<\/span><\/li><li style=\"font-weight: 400;\" aria-level=\"1\"><span style=\"font-weight: 400;\">Dados El\u00e9tricos Lucro Cessantes Subtra\u00e7\u00e3o de Valores<\/span><\/li><li style=\"font-weight: 400;\" aria-level=\"1\"><span style=\"font-weight: 400;\">Vendaval e Impacto de Ve\u00edculos<\/span><\/li><li style=\"font-weight: 400;\" aria-level=\"1\"><span style=\"font-weight: 400;\">Despesas Fixas<\/span><\/li><li style=\"font-weight: 400;\" aria-level=\"1\"><span style=\"font-weight: 400;\">Subtra\u00e7\u00e3o de Bens e Mercadorias<\/span><\/li><li>Mediante condi\u00e7\u00f5es gerais da seguradora<\/li><\/ul>\t\t\t\t\t\t\t\t<\/div>\n\t\t\t\t<\/div>\n\t\t\t\t<\/div>\n\t\t<div class=\"elementor-element elementor-element-f84a272 e-con-full e-flex e-con e-child\" data-id=\"f84a272\" data-element_type=\"container\" data-settings=\"{&quot;background_background&quot;:&quot;classic&quot;}\">\n\t\t<div class=\"elementor-element elementor-element-616b8bf e-con-full e-flex e-con e-child\" data-id=\"616b8bf\" data-element_type=\"container\">\n\t\t\t\t<div class=\"elementor-element elementor-element-8ed6de2 elementor-widget__width-initial elementor-widget-mobile__width-initial elementor-widget elementor-widget-heading\" data-id=\"8ed6de2\" data-element_type=\"widget\" data-widget_type=\"heading.default\">\n\t\t\t\t\t<h2 class=\"elementor-heading-title elementor-size-default\">Al\u00e9m dos v\u00e1rios servi\u00e7os emergenciais<\/h2>\t\t\t\t<\/div>\n\t\t\t\t<div class=\"elementor-element elementor-element-8eea88c elementor-widget-mobile__width-initial elementor-widget elementor-widget-text-editor\" data-id=\"8eea88c\" data-element_type=\"widget\" data-widget_type=\"text-editor.default\">\n\t\t\t\t\t\t\t\t\t<ul><li style=\"font-weight: 400;\" aria-level=\"1\"><span style=\"font-weight: 400;\">Substitui\u00e7\u00e3o de Telhas<\/span><\/li><li style=\"font-weight: 400;\" aria-level=\"1\"><span style=\"font-weight: 400;\">Reparos Hidr\u00e1ulicos e El\u00e9tricos<\/span><\/li><li style=\"font-weight: 400;\" aria-level=\"1\"><span style=\"font-weight: 400;\">Servi\u00e7os de Chaveiro<\/span><\/li><li style=\"font-weight: 400;\" aria-level=\"1\"><span style=\"font-weight: 400;\">Vigil\u00e2ncia<\/span><\/li><li style=\"font-weight: 400;\" aria-level=\"1\"><span style=\"font-weight: 400;\">Desentupimentos<\/span><\/li><li style=\"font-weight: 400;\" aria-level=\"1\"><span style=\"font-weight: 400;\">Reparos em Central Telef\u00f4nicas<\/span><\/li><li style=\"font-weight: 400;\" aria-level=\"1\"><span style=\"font-weight: 400;\">Reparos em Portas de A\u00e7os Onduladas<\/span><\/li><\/ul>\t\t\t\t\t\t\t\t<\/div>\n\t\t\t\t<\/div>\n\t\t\t\t<\/div>\n\t\t\t\t\t<\/div>\n\t\t\t\t<\/div>\n\t\t\t\t<\/div>\n\t\t","protected":false},"excerpt":{"rendered":"<p>EMPRESARIAL PARA PR\u00c9DIOS E CONTE\u00daDOQUERO COTAR Assegure o seu neg\u00f3cio e dedique-ser exclusivamente a pensar no crescimento da sua empresa. Atualmente, as maiores preocupa\u00e7\u00f5es dos empresarios \u00e9 atender todas as necessidades de seus clientes. Mas nem todos est\u00e3o preparados para os prejuizos que podem ocorrer devido a inc\u00eandios, assaltados ou at\u00e9 mesmo vendavais. Um seguro [&hellip;]<\/p>\n","protected":false},"author":1,"featured_media":0,"parent":0,"menu_order":0,"comment_status":"closed","ping_status":"closed","template":"elementor_header_footer","meta":{"footnotes":""},"class_list":["post-1256","page","type-page","status-publish","hentry"],"_links":{"self":[{"href":"https:\/\/personae.16xv.com.br\/index.php\/wp-json\/wp\/v2\/pages\/1256","targetHints":{"allow":["GET"]}}],"collection":[{"href":"https:\/\/personae.16xv.com.br\/index.php\/wp-json\/wp\/v2\/pages"}],"about":[{"href":"https:\/\/personae.16xv.com.br\/index.php\/wp-json\/wp\/v2\/types\/page"}],"author":[{"embeddable":true,"href":"https:\/\/personae.16xv.com.br\/index.php\/wp-json\/wp\/v2\/users\/1"}],"replies":[{"embeddable":true,"href":"https:\/\/personae.16xv.com.br\/index.php\/wp-json\/wp\/v2\/comments?post=1256"}],"version-history":[{"count":82,"href":"https:\/\/personae.16xv.com.br\/index.php\/wp-json\/wp\/v2\/pages\/1256\/revisions"}],"predecessor-version":[{"id":1839,"href":"https:\/\/personae.16xv.com.br\/index.php\/wp-json\/wp\/v2\/pages\/1256\/revisions\/1839"}],"wp:attachment":[{"href":"https:\/\/personae.16xv.com.br\/index.php\/wp-json\/wp\/v2\/media?parent=1256"}],"curies":[{"name":"wp","href":"https:\/\/api.w.org\/{rel}","templated":true}]}}